{"id":164,"date":"2016-02-02T00:40:32","date_gmt":"2016-02-01T23:40:32","guid":{"rendered":"https:\/\/eventprod.de\/en\/?page_id=164"},"modified":"2026-02-02T06:54:37","modified_gmt":"2026-02-02T05:54:37","slug":"impressum","status":"publish","type":"page","link":"https:\/\/eventprod.de\/en\/impressum\/","title":{"rendered":"Impressum &#038; Datenschutz"},"content":{"rendered":"<div  class=\"ut-three-fourths  \"><\/p>\n<h1>&#x2705; IMPRESSUM<\/h1>\n<p><strong>Event Productions by Rustam Tsodikov<\/strong><\/p>\n<p>Inhaber: Rustam Tsodikov<\/p>\n<p>Rheinpromenade 13<\/p>\n<p>40789 Monheim am Rhein<\/p>\n<p>Deutschland<\/p>\n<p>Telefon: +49 211 92840345<\/p>\n<p>E-Mail: <a href=\"mailto:office@eventprod.de\">office@eventprod.de<\/a><\/p>\n<p>Internet: <a href=\"https:\/\/www.eventprod.de\" target=\"_blank\" rel=\"noopener noreferrer\">https:\/\/www.eventprod.de<\/a><\/p>\n<p>Umsatzsteuer-Identifikationsnummer gem\u00e4\u00df \u00a7 27a Umsatzsteuergesetz:<br \/>\n<strong>DE288888862<\/strong><\/p>\n<p>Verantwortlich f\u00fcr den Inhalt nach \u00a7 55 Abs. 2 RStV:<br \/>\nRustam Tsodikov<br \/>\nRheinpromenade 13, 40789 Monheim am Rhein<\/p>\n<hr>\n<h2>Haftung f\u00fcr Inhalte<\/h2>\n<p>Als Diensteanbieter sind wir gem\u00e4\u00df \u00a7 7 Abs. 1 TMG f\u00fcr eigene Inhalte auf diesen Seiten nach den allgemeinen Gesetzen verantwortlich.<\/p>\n<p>Nach \u00a7\u00a7 8 bis 10 TMG sind wir jedoch nicht verpflichtet, \u00fcbermittelte oder gespeicherte fremde Informationen zu \u00fcberwachen oder nach Umst\u00e4nden zu forschen, die auf eine rechtswidrige T\u00e4tigkeit hinweisen.<\/p>\n<p>Bei Bekanntwerden von entsprechenden Rechtsverletzungen werden wir diese Inhalte umgehend entfernen.<\/p>\n<hr>\n<h2>Haftung f\u00fcr Links<\/h2>\n<p>Unser Angebot enth\u00e4lt Links zu externen Webseiten Dritter, auf deren Inhalte wir keinen Einfluss haben.<\/p>\n<p>F\u00fcr die Inhalte der verlinkten Seiten ist stets der jeweilige Anbieter oder Betreiber der Seiten verantwortlich.<\/p>\n<p>Bei Bekanntwerden von Rechtsverletzungen werden wir derartige Links umgehend entfernen.<\/p>\n<hr>\n<h2>Urheberrecht<\/h2>\n<p>Die durch die Seitenbetreiber erstellten Inhalte und Werke auf diesen Seiten unterliegen dem deutschen Urheberrecht.<\/p>\n<p>Downloads und Kopien dieser Seite sind nur f\u00fcr den privaten, nicht kommerziellen Gebrauch gestattet.<\/p>\n<hr>\n<h1>&#x2705; DATENSCHUTZERKL\u00c4RUNG<\/h1>\n<h2>1. Datenschutz auf einen Blick<\/h2>\n<h3>Allgemeine Hinweise<\/h3>\n<p>Die folgenden Hinweise geben einen einfachen \u00dcberblick dar\u00fcber, was mit Ihren personenbezogenen Daten passiert, wenn Sie unsere Website besuchen.<\/p>\n<p>Personenbezogene Daten sind alle Daten, mit denen Sie pers\u00f6nlich identifiziert werden k\u00f6nnen.<\/p>\n<hr>\n<h2>2. Verantwortliche Stelle<\/h2>\n<p><strong>Event Productions by Rustam Tsodikov<\/strong><\/p>\n<p>Rheinpromenade 13<\/p>\n<p>40789 Monheim am Rhein<\/p>\n<p>Deutschland<\/p>\n<p>Telefon: +49 211 92840345<\/p>\n<p>E-Mail: <a href=\"mailto:office@eventprod.de\">office@eventprod.de<\/a><\/p>\n<hr>\n<h2>3. Datenerfassung auf unserer Website<\/h2>\n<h3>a) Server-Log-Dateien<\/h3>\n<p>Der Provider der Seiten erhebt und speichert automatisch Informationen in sogenannten Server-Log-Dateien:<\/p>\n<ul>\n<li>Browsertyp und Browserversion<\/li>\n<li>verwendetes Betriebssystem<\/li>\n<li>Referrer URL<\/li>\n<li>Hostname des zugreifenden Rechners<\/li>\n<li>Uhrzeit der Serveranfrage<\/li>\n<li>IP-Adresse<\/li>\n<\/ul>\n<p>Diese Daten werden nicht mit anderen Datenquellen zusammengef\u00fchrt.<\/p>\n<p>Rechtsgrundlage: Art. 6 Abs. 1 lit. f DSGVO.<\/p>\n<hr>\n<h3>b) Kontaktformular<\/h3>\n<p>Wenn Sie uns per Kontaktformular Anfragen senden, werden Ihre Angaben zur Bearbeitung der Anfrage gespeichert.<\/p>\n<p>Diese Daten geben wir nicht ohne Ihre Einwilligung weiter.<\/p>\n<p>Rechtsgrundlage: Art. 6 Abs. 1 lit. a DSGVO.<\/p>\n<hr>\n<h2>4. Cookies &amp; Einwilligungsmanagement<\/h2>\n<p>Unsere Website verwendet Cookies.<\/p>\n<p>Cookies, die technisch notwendig sind, werden auf Grundlage von Art. 6 Abs. 1 lit. f DSGVO gespeichert.<\/p>\n<p>Alle weiteren Cookies (z. B. Analyse- oder Marketing-Cookies) werden <strong>nur nach Ihrer ausdr\u00fccklichen Einwilligung<\/strong> \u00fcber unser Cookie-Consent-Tool gesetzt (Art. 6 Abs. 1 lit. a DSGVO).<\/p>\n<p>Ihre Einwilligung k\u00f6nnen Sie jederzeit widerrufen oder \u00e4ndern.<\/p>\n<hr>\n<h2>5. Google Maps<\/h2>\n<p>Diese Website nutzt Google Maps zur Darstellung von Karten.<\/p>\n<p>Anbieter: Google Ireland Limited, Gordon House, Barrow Street, Dublin 4, Irland<\/p>\n<p>Die Nutzung erfolgt <strong>erst nach Ihrer Einwilligung<\/strong>.<\/p>\n<p>Rechtsgrundlage: Art. 6 Abs. 1 lit. a DSGVO.<\/p>\n<p>Weitere Informationen:<br \/>\n  <a href=\"https:\/\/policies.google.com\/privacy\" target=\"_blank\" rel=\"noopener noreferrer\">https:\/\/policies.google.com\/privacy<\/a>\n<\/p>\n<hr>\n<h2>6. Google Fonts<\/h2>\n<p>Wir verwenden <strong>lokal eingebundene Google Fonts<\/strong>.<\/p>\n<p>Es findet <strong>keine Verbindung zu Servern von Google<\/strong> statt.<\/p>\n<hr>\n<h2>7. Meta \/ Facebook Pixel<\/h2>\n<p>Unsere Website verwendet das Meta Pixel (Meta Platforms Ireland Ltd., Dublin, Irland) <strong>ausschlie\u00dflich nach Ihrer Einwilligung<\/strong>.<\/p>\n<p>Die Verarbeitung erfolgt auf Grundlage von Art. 6 Abs. 1 lit. a DSGVO.<\/p>\n<p>Eine \u00dcbertragung in Drittl\u00e4nder erfolgt nur unter Einhaltung der EU-Standardvertragsklauseln.<\/p>\n<p>Weitere Informationen:<br \/>\n  <a href=\"https:\/\/www.facebook.com\/privacy\/policy\" target=\"_blank\" rel=\"noopener noreferrer\">https:\/\/www.facebook.com\/privacy\/policy<\/a>\n<\/p>\n<hr>\n<h2>8. Ihre Rechte<\/h2>\n<p>Sie haben jederzeit das Recht auf:<\/p>\n<ul>\n<li>Auskunft (Art. 15 DSGVO)<\/li>\n<li>Berichtigung (Art. 16 DSGVO)<\/li>\n<li>L\u00f6schung (Art. 17 DSGVO)<\/li>\n<li>Einschr\u00e4nkung der Verarbeitung (Art. 18 DSGVO)<\/li>\n<li>Daten\u00fcbertragbarkeit (Art. 20 DSGVO)<\/li>\n<li>Widerspruch (Art. 21 DSGVO)<\/li>\n<\/ul>\n<hr>\n<h2>9. Beschwerderecht<\/h2>\n<p>Zust\u00e4ndige Aufsichtsbeh\u00f6rde:<\/p>\n<p>Landesbeauftragte f\u00fcr Datenschutz und Informationsfreiheit Nordrhein-Westfalen<\/p>\n<p>\n  <a href=\"https:\/\/www.ldi.nrw.de\" target=\"_blank\" rel=\"noopener noreferrer\">https:\/\/www.ldi.nrw.de<\/a>\n<\/p>\n<hr>\n<h2>10. SSL- \/ TLS-Verschl\u00fcsselung<\/h2>\n<p>Diese Website nutzt aus Sicherheitsgr\u00fcnden eine SSL- bzw. TLS-Verschl\u00fcsselung.<\/p>\n<hr>\n<h2>11. Widerspruch gegen Werbe-E-Mails<\/h2>\n<p>Der Nutzung von im Impressum ver\u00f6ffentlichten Kontaktdaten zur \u00dcbersendung von nicht ausdr\u00fccklich angeforderter Werbung wird widersprochen.<\/p>\n<p><\/div>\n","protected":false},"excerpt":{"rendered":"","protected":false},"author":1,"featured_media":0,"parent":0,"menu_order":0,"comment_status":"closed","ping_status":"closed","template":"","meta":{"footnotes":""},"class_list":["post-164","page","type-page","status-publish","hentry"],"yoast_head":"<!-- This site is optimized with the Yoast SEO Premium plugin v23.0 (Yoast SEO v27.3) - https:\/\/yoast.com\/product\/yoast-seo-premium-wordpress\/ -->\n<title>Impressum &amp; Datenschutz &#8902; Event Productions by Rustam Tsodikov<\/title>\n<meta name=\"description\" content=\"Impressum &amp; Datenschutz &#8902; Event Productions by Rustam Tsodikov\" \/>\n<meta name=\"robots\" content=\"index, follow, max-snippet:-1, max-image-preview:large, max-video-preview:-1\" \/>\n<link rel=\"canonical\" href=\"https:\/\/eventprod.de\/en\/impressum\/\" \/>\n<meta property=\"og:locale\" content=\"en_GB\" \/>\n<meta property=\"og:type\" content=\"article\" \/>\n<meta property=\"og:title\" content=\"Impressum &amp; Datenschutz\" \/>\n<meta property=\"og:description\" content=\"Impressum &amp; Datenschutz &#8902; Event Productions by Rustam Tsodikov\" \/>\n<meta property=\"og:url\" content=\"https:\/\/eventprod.de\/en\/impressum\/\" \/>\n<meta property=\"og:site_name\" content=\"Event Productions by Rustam Tsodikov\" \/>\n<meta property=\"article:modified_time\" content=\"2026-02-02T05:54:37+00:00\" \/>\n<meta name=\"twitter:card\" content=\"summary_large_image\" \/>\n<meta name=\"twitter:label1\" content=\"Estimated reading time\" \/>\n\t<meta name=\"twitter:data1\" content=\"3 minutes\" \/>\n<script type=\"application\/ld+json\" class=\"yoast-schema-graph\">{\"@context\":\"https:\\\/\\\/schema.org\",\"@graph\":[{\"@type\":\"WebPage\",\"@id\":\"https:\\\/\\\/eventprod.de\\\/en\\\/impressum\\\/\",\"url\":\"https:\\\/\\\/eventprod.de\\\/en\\\/impressum\\\/\",\"name\":\"Impressum & Datenschutz &#8902; Event Productions by Rustam Tsodikov\",\"isPartOf\":{\"@id\":\"https:\\\/\\\/eventprod.de\\\/en\\\/#website\"},\"datePublished\":\"2016-02-01T23:40:32+00:00\",\"dateModified\":\"2026-02-02T05:54:37+00:00\",\"description\":\"Impressum & Datenschutz &#8902; Event Productions by Rustam Tsodikov\",\"breadcrumb\":{\"@id\":\"https:\\\/\\\/eventprod.de\\\/en\\\/impressum\\\/#breadcrumb\"},\"inLanguage\":\"en-GB\",\"potentialAction\":[{\"@type\":\"ReadAction\",\"target\":[\"https:\\\/\\\/eventprod.de\\\/en\\\/impressum\\\/\"]}]},{\"@type\":\"BreadcrumbList\",\"@id\":\"https:\\\/\\\/eventprod.de\\\/en\\\/impressum\\\/#breadcrumb\",\"itemListElement\":[{\"@type\":\"ListItem\",\"position\":1,\"name\":\"Home page\",\"item\":\"https:\\\/\\\/eventprod.de\\\/en\\\/\"},{\"@type\":\"ListItem\",\"position\":2,\"name\":\"Impressum &#038; Datenschutz\"}]},{\"@type\":\"WebSite\",\"@id\":\"https:\\\/\\\/eventprod.de\\\/en\\\/#website\",\"url\":\"https:\\\/\\\/eventprod.de\\\/en\\\/\",\"name\":\"Event Productions by Rustam Tsodikov\",\"description\":\"International full-service event agency in Duesseldorf\",\"potentialAction\":[{\"@type\":\"SearchAction\",\"target\":{\"@type\":\"EntryPoint\",\"urlTemplate\":\"https:\\\/\\\/eventprod.de\\\/en\\\/?s={search_term_string}\"},\"query-input\":{\"@type\":\"PropertyValueSpecification\",\"valueRequired\":true,\"valueName\":\"search_term_string\"}}],\"inLanguage\":\"en-GB\"}]}<\/script>\n<!-- \/ Yoast SEO Premium plugin. -->","yoast_head_json":{"title":"Impressum & Datenschutz &#8902; Event Productions by Rustam Tsodikov","description":"Impressum & Datenschutz &#8902; Event Productions by Rustam Tsodikov","robots":{"index":"index","follow":"follow","max-snippet":"max-snippet:-1","max-image-preview":"max-image-preview:large","max-video-preview":"max-video-preview:-1"},"canonical":"https:\/\/eventprod.de\/en\/impressum\/","og_locale":"en_GB","og_type":"article","og_title":"Impressum & Datenschutz","og_description":"Impressum & Datenschutz &#8902; Event Productions by Rustam Tsodikov","og_url":"https:\/\/eventprod.de\/en\/impressum\/","og_site_name":"Event Productions by Rustam Tsodikov","article_modified_time":"2026-02-02T05:54:37+00:00","twitter_card":"summary_large_image","twitter_misc":{"Estimated reading time":"3 minutes"},"schema":{"@context":"https:\/\/schema.org","@graph":[{"@type":"WebPage","@id":"https:\/\/eventprod.de\/en\/impressum\/","url":"https:\/\/eventprod.de\/en\/impressum\/","name":"Impressum & Datenschutz &#8902; Event Productions by Rustam Tsodikov","isPartOf":{"@id":"https:\/\/eventprod.de\/en\/#website"},"datePublished":"2016-02-01T23:40:32+00:00","dateModified":"2026-02-02T05:54:37+00:00","description":"Impressum & Datenschutz &#8902; Event Productions by Rustam Tsodikov","breadcrumb":{"@id":"https:\/\/eventprod.de\/en\/impressum\/#breadcrumb"},"inLanguage":"en-GB","potentialAction":[{"@type":"ReadAction","target":["https:\/\/eventprod.de\/en\/impressum\/"]}]},{"@type":"BreadcrumbList","@id":"https:\/\/eventprod.de\/en\/impressum\/#breadcrumb","itemListElement":[{"@type":"ListItem","position":1,"name":"Home page","item":"https:\/\/eventprod.de\/en\/"},{"@type":"ListItem","position":2,"name":"Impressum &#038; Datenschutz"}]},{"@type":"WebSite","@id":"https:\/\/eventprod.de\/en\/#website","url":"https:\/\/eventprod.de\/en\/","name":"Event Productions by Rustam Tsodikov","description":"International full-service event agency in Duesseldorf","potentialAction":[{"@type":"SearchAction","target":{"@type":"EntryPoint","urlTemplate":"https:\/\/eventprod.de\/en\/?s={search_term_string}"},"query-input":{"@type":"PropertyValueSpecification","valueRequired":true,"valueName":"search_term_string"}}],"inLanguage":"en-GB"}]}},"_links":{"self":[{"href":"https:\/\/eventprod.de\/en\/wp-json\/wp\/v2\/pages\/164","targetHints":{"allow":["GET"]}}],"collection":[{"href":"https:\/\/eventprod.de\/en\/wp-json\/wp\/v2\/pages"}],"about":[{"href":"https:\/\/eventprod.de\/en\/wp-json\/wp\/v2\/types\/page"}],"author":[{"embeddable":true,"href":"https:\/\/eventprod.de\/en\/wp-json\/wp\/v2\/users\/1"}],"replies":[{"embeddable":true,"href":"https:\/\/eventprod.de\/en\/wp-json\/wp\/v2\/comments?post=164"}],"version-history":[{"count":11,"href":"https:\/\/eventprod.de\/en\/wp-json\/wp\/v2\/pages\/164\/revisions"}],"predecessor-version":[{"id":672,"href":"https:\/\/eventprod.de\/en\/wp-json\/wp\/v2\/pages\/164\/revisions\/672"}],"wp:attachment":[{"href":"https:\/\/eventprod.de\/en\/wp-json\/wp\/v2\/media?parent=164"}],"curies":[{"name":"wp","href":"https:\/\/api.w.org\/{rel}","templated":true}]}}